{"id":22132432,"date":"2024-03-12T16:00:48","date_gmt":"2024-03-12T15:00:48","guid":{"rendered":"https:\/\/netmind.net\/formacion\/sin%20categor\u00eda\/microsoft-365-administrator-2\/"},"modified":"2026-04-20T10:19:45","modified_gmt":"2026-04-20T08:19:45","slug":"microsoft-365-administrator-2","status":"publish","type":"product","link":"https:\/\/netmind.net\/en\/formacion\/microsoft\/microsoft-365-administrator-2\/","title":{"rendered":"Microsoft 365 Administrator"},"content":{"rendered":"<div class=\"courseSubTitle\">\n<h2>Introduction<\/h2>\n<\/div>\n<p>This course covers the core elements of Microsoft 365 business administration: Microsoft 365 tenant and service management, Office 365 administration, Microsoft 365 identity management, Microsoft 365 security management, and Microsoft 365 compliance manager. In service and tenant management, you will learn how to configure your Microsoft 365 tenant, including your organization profile, tenant subscription options, component services, user accounts and licenses, and security groups. You will also learn how to manage your tenant, which includes the configuration of tenant roles and the management of the health of tenant services.<\/p>\n<p>With your Microsoft 365 tenant firmly in place, you will examine the key components of Office 365 administration. You will then move on to Office 365 configuration, with a primary focus on configuring Office client connectivity. Finally, you will examine how to manage Microsoft 365 applications for business implementations (formerly Office 365 ProPlus), from user-driven client installations to centralized implementations.<\/p>\n<p>It will continue with an in-depth examination of Microsoft 365 identity synchronization, focusing on Azure Active Directory Connect. You will learn how to plan and implement Azure AD Connect, how to manage synchronized identities, and how to implement password management in Microsoft 365 using multi-factor authentication and self-service password management. This section concludes with an overall view of application implementation and external access. You will then examine how to design and manage solutions for external access.<\/p>\n<p>Next, in Microsoft 365 security management, you will examine the most common types of threat vectors and data breaches that organizations face today, and learn how Microsoft 365 security solutions address these security threats. You will be introduced to Microsoft Secure Score and Azure Active Directory Identity Protection. You will then learn how to manage Microsoft 365 security services, including Exchange Online Protection, Advanced Threat Protection, Safe Attachments, and Safe Links.<\/p>\n<p>With Microsoft 365 security components now firmly in place, you will examine the key components of Microsoft 365 compliance management. This begins with an overview of all key aspects of data governance, including data archiving and retention, information rights management, the Secure\/Multipurpose Internet Mail Extensions (S\/MIME), Office 365 message encryption, and Data Loss Prevention (DLP). It will then dive deeper into archiving and retention, paying special attention to on-premises records management in SharePoint, archiving and retention in Exchange, and retention policies in the Security &amp; Compliance Center.<\/p>\n<p>Now that you understand the key aspects of data governance, you will examine how to implement them, including building barriers in Purview. After that, you will focus on managing data governance in Microsoft 365, including email retention, troubleshooting retention policies and failed policy suggestions, as well as resolving issues related to confidential data.<\/p>\n<div class=\"courseSubTitle\">\n<h2>Objectives<\/h2>\n<\/div>\n<p>By actively participating in this course, you will learn the following:<\/p>\n<ul>\n<li>Configure and manage your Microsoft 365 tenant.<\/li>\n<li>Configure Office 365.<\/li>\n<li>Manage Office 365 ProPlus implementations.<\/li>\n<li>Plan and implement identity synchronization.<\/li>\n<li>Implement applications and external access.<\/li>\n<li>Microsoft 365 security metrics.<\/li>\n<li>Microsoft 365 security services.<\/li>\n<li>Microsoft 365 Threat Intelligence.<\/li>\n<li>Data governance in Microsoft 365.<\/li>\n<li>Archive and retention in Office 365.<\/li>\n<li>Data governance in Microsoft 365.<\/li>\n<\/ul>\n<div class=\"courseSubTitle\">\n<h2><\/h2>\n<h2>Participant Profile<\/h2>\n<\/div>\n<p>This course is designed for individuals aspiring to the role of Microsoft 365 Enterprise administrator and who have completed one of the role-based Microsoft 365 administrator certification paths.<\/p>\n<div class=\"courseSubTitle\">\n<h2><\/h2>\n<h2>Prerequisites<\/h2>\n<\/div>\n<p>It is highly recommended that participants:<\/p>\n<ul>\n<li>Have completed a role-based administrator course, such as Messaging, Teamwork, Security and Compliance, or Collaboration.<\/li>\n<li>Have a competent understanding of DNS and basic functional experience with Microsoft 365 services.<\/li>\n<li>Have a competent understanding of general IT practices.<\/li>\n<li>Have knowledge of PowerShell.<\/li>\n<\/ul>\n<div class=\"courseSubTitle\">\n<h2>Course Materials<\/h2>\n<\/div>\n<p>A copy of the official Microsoft course materials.<\/p>\n<div class=\"courseSubTitle\">\n<h2>Methodology<\/h2>\n<\/div>\n<p>Active and participative course delivered through demonstrations, practical exercises, and clinical analysis based on all the theoretical topics taught by the instructor to address real cases related to the product. The trainer will also use different dynamics to enable group work in the classroom, such as challenges, assessment exams, and real-life cases to prepare for the associated Microsoft certification exam, if applicable.<\/p>\n<div class=\"courseSubTitle\">\n<h2><\/h2>\n<h2>Certifications<\/h2>\n<\/div>\n<p>This course is certified by <a href=\"https:\/\/netmind.net\/es\/certificaciones-microsoft\/\" target=\"_blank\" rel=\"noopener\">Microsoft\u00ae.<\/a><\/p>\n<p>Assessment based on group and individual activities. The faculty will provide continuous feedback to each participant at the end of the activities.<\/p>\n<p><em>The terms of additional certification services are subject to those established by the license owner or the authorized certification body.<\/em><\/p>\n<div class=\"courseSubTitle\">\n<h2><\/h2>\n<h2>Accreditation<\/h2>\n<\/div>\n<p>A Certificate of Attendance for course MS 102 will be issued only to participants with an attendance above 75%, and a Diploma of Achievement will be awarded if they also pass the assessment test.<\/p>\n<div class=\"courseSubTitle\">\n<h2>Microsoft 365 Administrator Contents<\/h2>\n<\/div>\n<div class=\"courseSubTitle\">\n<h4 id=\"m\u00f3dulo-1-introducci\u00f3n-a-microsoft-365-security-metrics\">Module 1: Configuring Microsoft 365 tenant<\/h4>\n<ul>\n<li>Configure your Microsoft 365 experience<\/li>\n<li>Manage user accounts and licenses in Microsoft 365<\/li>\n<li>Manage security groups in Microsoft 365<\/li>\n<li>Implement your domain services<\/li>\n<\/ul>\n<h4 id=\"m\u00f3dulo-2-administrar-sus-servicios-de-seguridad-de-microsoft-365\">Module 2: Microsoft 365 tenant administration<\/h4>\n<ul>\n<li>Configure administrative roles in Microsoft 365<\/li>\n<li>Service and status management in Microsoft 365<\/li>\n<li>Deploy Microsoft 365 Apps in business environments<\/li>\n<li>Analyze Microsoft 365 workspace data with Microsoft Viva Insights<\/li>\n<\/ul>\n<h4 id=\"m\u00f3dulo-3-microsoft-365-threat-intelligence\">Module 3: Implementing identity synchronization<\/h4>\n<ul>\n<li>Explore identity synchronization<\/li>\n<li>Prepare for identity synchronization in Microsoft 365<\/li>\n<li>Implement directory synchronization tools<\/li>\n<li>Manage synchronized identities<\/li>\n<li>Manage user access in Microsoft 365<\/li>\n<\/ul>\n<h4 id=\"m\u00f3dulo-4-introducci\u00f3n-al-gobierno-de-datos-en-microsoft-365\">Module 4: Introduction to Microsoft 365 Security Metrics<\/h4>\n<ul>\n<li>Threat vectors and data breaches<\/li>\n<li>The zero trust model<\/li>\n<li>Security solutions in Microsoft 365<\/li>\n<li>Introduction to Microsoft Secure Score<\/li>\n<li>Privileged identity management<\/li>\n<li>Introduction to Azure Active Directory Identity Protection<\/li>\n<\/ul>\n<h4>Module 5: Managing security services in Microsoft 365 Defender<\/h4>\n<ul>\n<li>Introduction to Exchange Online Protection<\/li>\n<li>Introduction to Microsoft Defender for Office 365<\/li>\n<li>Manage safe attachments<\/li>\n<li>Manage safe links<\/li>\n<\/ul>\n<h4 id=\"m\u00f3dulo-6-implementaci\u00f3n-de-gobierno-de-datos-en-microsoft-365-intelligence\">Module 6: Implementing threat protection using Microsoft 365 Defender<\/h4>\n<ul>\n<li>Explore threat intelligence in Microsoft 365 Defender<\/li>\n<li>Implement app protection using Microsoft Defender for Cloud Apps<\/li>\n<li>Implement endpoint protection using Microsoft Defender for Endpoint<\/li>\n<li>Implement threat protection using Microsoft Defender for Office 365<\/li>\n<\/ul>\n<h4>Module 7: Introduction to data governance in Microsoft 365<\/h4>\n<ul>\n<li>Explore data governance solutions in Microsoft Purview<\/li>\n<li>Explore archiving and records management in Microsoft 365<\/li>\n<li>Explore data retention in Microsoft 365<\/li>\n<li>Explore message encryption in Microsoft Purview<\/li>\n<\/ul>\n<h4 id=\"m\u00f3dulo-8-gesti\u00f3n-de-b\u00fasquedas-e-investigaciones\">Module 8: Implementing compliance in Microsoft 365<\/h4>\n<ul>\n<li>Explore compliance in Microsoft 365<\/li>\n<li>Implement internal risk management using Microsoft Purview<\/li>\n<li>Implement information barriers using Microsoft Purview<\/li>\n<li>Explore data loss prevention in Microsoft Purview<\/li>\n<li>Implement data loss prevention in Microsoft Purview<\/li>\n<\/ul>\n<h4 id=\"m\u00f3dulo-9-planificaci\u00f3n-para-la-gesti\u00f3n-de-dispositivos\">Module 9: Managing compliance in Microsoft 365<\/h4>\n<ul>\n<li>Implement data classification for sensitive information<\/li>\n<li>Explore sensitivity labels<\/li>\n<li>Implement sensitivity labels<\/li>\n<\/ul>\n<\/div>\n<div><\/div>\n<h6>MS-102 \/ MS102<\/h6>\n","protected":false},"excerpt":{"rendered":"<div class=\"courseSubTitle\">\n<p class=\"ai-optimize-27\"><strong>Module 1: Configuring Microsoft 365 tenant<\/strong><\/p>\n<p class=\"ai-optimize-28\"><strong>Module 2: Microsoft 365 tenant administration<\/strong><\/p>\n<p class=\"ai-optimize-29\"><strong>Module 3: Implementing identity synchronization<\/strong><\/p>\n<p class=\"ai-optimize-30\"><strong>Module 4: Introduction to Microsoft 365 Security Metrics<\/strong><\/p>\n<p class=\"ai-optimize-31\"><strong>Module 5: Managing security services in Microsoft 365 Defender<\/strong><\/p>\n<p class=\"ai-optimize-32\"><strong>Module 6: Implementing threat protection using Microsoft 365 Defender<\/strong><\/p>\n<p class=\"ai-optimize-33\"><strong>Module 7: Introduction to data governance in Microsoft 365<\/strong><\/p>\n<p class=\"ai-optimize-34\"><strong>Module 8: Implementing compliance in Microsoft 365<\/strong><\/p>\n<p class=\"ai-optimize-35\"><strong>Module 9: Managing compliance in Microsoft 365<\/strong><\/p>\n<\/div>\n","protected":false},"featured_media":22133586,"comment_status":"closed","ping_status":"closed","template":"","meta":[],"product_brand":[],"product_cat":[22001686],"product_tag":[],"best_practice":[],"class_list":{"0":"post-22132432","1":"product","2":"type-product","3":"status-publish","4":"has-post-thumbnail","6":"product_cat-microsoft","7":"description-off","9":"first","10":"instock","11":"virtual","12":"taxable","13":"purchasable","14":"product-type-course"},"yoast_head":"<!-- This site is optimized with the Yoast SEO Premium plugin v27.4 (Yoast SEO v27.4) - https:\/\/yoast.com\/product\/yoast-seo-premium-wordpress\/ -->\n<title>Microsoft 365 Administrator- Netmind<\/title>\n<meta name=\"description\" content=\"Check out the MS 102 Microsoft 365 Administrator course and learn how to configure and manage Microsoft 365 services.\" \/>\n<meta name=\"robots\" content=\"index, follow, max-snippet:-1, max-image-preview:large, max-video-preview:-1\" \/>\n<link rel=\"canonical\" href=\"https:\/\/netmind.net\/en\/formacion\/microsoft\/microsoft-365-administrator-2\/\" \/>\n<meta property=\"og:locale\" content=\"en_US\" \/>\n<meta property=\"og:type\" content=\"article\" \/>\n<meta property=\"og:title\" content=\"Microsoft 365 Administrator\" \/>\n<meta property=\"og:description\" content=\"Check out the MS 102 Microsoft 365 Administrator course and learn how to configure and manage Microsoft 365 services.\" \/>\n<meta property=\"og:url\" content=\"https:\/\/netmind.net\/en\/formacion\/microsoft\/microsoft-365-administrator-2\/\" \/>\n<meta property=\"og:site_name\" content=\"Netmind\" \/>\n<meta property=\"article:modified_time\" content=\"2026-04-20T08:19:45+00:00\" \/>\n<meta property=\"og:image\" content=\"https:\/\/netmind.net\/wp-content\/uploads\/2016\/02\/imgdestacada-web_formaciones-1024x576.jpg\" \/>\n<meta name=\"twitter:card\" content=\"summary_large_image\" \/>\n<meta name=\"twitter:title\" content=\"Microsoft 365 Administrator\" \/>\n<meta name=\"twitter:description\" content=\"Check out the MS 102 Microsoft 365 Administrator course and learn how to configure and manage Microsoft 365 services.\" \/>\n<meta name=\"twitter:label1\" content=\"Est. reading time\" \/>\n\t<meta name=\"twitter:data1\" content=\"5 minutes\" \/>\n<script type=\"application\/ld+json\" class=\"yoast-schema-graph\">{\"@context\":\"https:\\\/\\\/schema.org\",\"@graph\":[{\"@type\":\"WebPage\",\"@id\":\"https:\\\/\\\/netmind.net\\\/en\\\/formacion\\\/microsoft\\\/microsoft-365-administrator-2\\\/\",\"url\":\"https:\\\/\\\/netmind.net\\\/en\\\/formacion\\\/microsoft\\\/microsoft-365-administrator-2\\\/\",\"name\":\"Microsoft 365 Administrator- Netmind\",\"isPartOf\":{\"@id\":\"https:\\\/\\\/netmind.net\\\/en\\\/#website\"},\"primaryImageOfPage\":{\"@id\":\"https:\\\/\\\/netmind.net\\\/en\\\/formacion\\\/microsoft\\\/microsoft-365-administrator-2\\\/#primaryimage\"},\"image\":{\"@id\":\"https:\\\/\\\/netmind.net\\\/en\\\/formacion\\\/microsoft\\\/microsoft-365-administrator-2\\\/#primaryimage\"},\"thumbnailUrl\":\"https:\\\/\\\/netmind.net\\\/wp-content\\\/uploads\\\/2026\\\/04\\\/ChatGPT-Image-20-abr-2026-10_07_21-e1776672662658.png\",\"datePublished\":\"2024-03-12T15:00:48+00:00\",\"dateModified\":\"2026-04-20T08:19:45+00:00\",\"description\":\"Check out the MS 102 Microsoft 365 Administrator course and learn how to configure and manage Microsoft 365 services.\",\"breadcrumb\":{\"@id\":\"https:\\\/\\\/netmind.net\\\/en\\\/formacion\\\/microsoft\\\/microsoft-365-administrator-2\\\/#breadcrumb\"},\"inLanguage\":\"en-US\",\"potentialAction\":[{\"@type\":\"ReadAction\",\"target\":[\"https:\\\/\\\/netmind.net\\\/en\\\/formacion\\\/microsoft\\\/microsoft-365-administrator-2\\\/\"]}]},{\"@type\":\"ImageObject\",\"inLanguage\":\"en-US\",\"@id\":\"https:\\\/\\\/netmind.net\\\/en\\\/formacion\\\/microsoft\\\/microsoft-365-administrator-2\\\/#primaryimage\",\"url\":\"https:\\\/\\\/netmind.net\\\/wp-content\\\/uploads\\\/2026\\\/04\\\/ChatGPT-Image-20-abr-2026-10_07_21-e1776672662658.png\",\"contentUrl\":\"https:\\\/\\\/netmind.net\\\/wp-content\\\/uploads\\\/2026\\\/04\\\/ChatGPT-Image-20-abr-2026-10_07_21-e1776672662658.png\",\"width\":1344,\"height\":1024},{\"@type\":\"BreadcrumbList\",\"@id\":\"https:\\\/\\\/netmind.net\\\/en\\\/formacion\\\/microsoft\\\/microsoft-365-administrator-2\\\/#breadcrumb\",\"itemListElement\":[{\"@type\":\"ListItem\",\"position\":1,\"name\":\"Home\",\"item\":\"https:\\\/\\\/netmind.net\\\/en\\\/\"},{\"@type\":\"ListItem\",\"position\":2,\"name\":\"Formaciones\",\"item\":\"https:\\\/\\\/netmind.net\\\/en\\\/shop\\\/\"},{\"@type\":\"ListItem\",\"position\":3,\"name\":\"Microsoft\",\"item\":\"https:\\\/\\\/netmind.net\\\/en\\\/area\\\/microsoft\\\/\"},{\"@type\":\"ListItem\",\"position\":4,\"name\":\"Microsoft 365 Administrator\"}]},{\"@type\":\"WebSite\",\"@id\":\"https:\\\/\\\/netmind.net\\\/en\\\/#website\",\"url\":\"https:\\\/\\\/netmind.net\\\/en\\\/\",\"name\":\"Netmind\",\"description\":\"Digital Business Transformation | Agile Transformation | Business Analysis\",\"publisher\":{\"@id\":\"https:\\\/\\\/netmind.net\\\/en\\\/#organization\"},\"potentialAction\":[{\"@type\":\"SearchAction\",\"target\":{\"@type\":\"EntryPoint\",\"urlTemplate\":\"https:\\\/\\\/netmind.net\\\/en\\\/?s={search_term_string}\"},\"query-input\":{\"@type\":\"PropertyValueSpecification\",\"valueRequired\":true,\"valueName\":\"search_term_string\"}}],\"inLanguage\":\"en-US\"},{\"@type\":\"Organization\",\"@id\":\"https:\\\/\\\/netmind.net\\\/en\\\/#organization\",\"name\":\"Netmind\",\"url\":\"https:\\\/\\\/netmind.net\\\/en\\\/\",\"logo\":{\"@type\":\"ImageObject\",\"inLanguage\":\"en-US\",\"@id\":\"https:\\\/\\\/netmind.net\\\/en\\\/#\\\/schema\\\/logo\\\/image\\\/\",\"url\":\"https:\\\/\\\/netmind.net\\\/wp-content\\\/uploads\\\/2020\\\/08\\\/NM-BTS-Logo-2021_Blue-1.svg\",\"contentUrl\":\"https:\\\/\\\/netmind.net\\\/wp-content\\\/uploads\\\/2020\\\/08\\\/NM-BTS-Logo-2021_Blue-1.svg\",\"width\":360.64,\"height\":82,\"caption\":\"Netmind\"},\"image\":{\"@id\":\"https:\\\/\\\/netmind.net\\\/en\\\/#\\\/schema\\\/logo\\\/image\\\/\"}}]}<\/script>\n<!-- \/ Yoast SEO Premium plugin. -->","yoast_head_json":{"title":"Microsoft 365 Administrator- Netmind","description":"Check out the MS 102 Microsoft 365 Administrator course and learn how to configure and manage Microsoft 365 services.","robots":{"index":"index","follow":"follow","max-snippet":"max-snippet:-1","max-image-preview":"max-image-preview:large","max-video-preview":"max-video-preview:-1"},"canonical":"https:\/\/netmind.net\/en\/formacion\/microsoft\/microsoft-365-administrator-2\/","og_locale":"en_US","og_type":"article","og_title":"Microsoft 365 Administrator","og_description":"Check out the MS 102 Microsoft 365 Administrator course and learn how to configure and manage Microsoft 365 services.","og_url":"https:\/\/netmind.net\/en\/formacion\/microsoft\/microsoft-365-administrator-2\/","og_site_name":"Netmind","article_modified_time":"2026-04-20T08:19:45+00:00","og_image":[{"url":"https:\/\/netmind.net\/wp-content\/uploads\/2016\/02\/imgdestacada-web_formaciones-1024x576.jpg","type":"","width":"","height":""}],"twitter_card":"summary_large_image","twitter_title":"Microsoft 365 Administrator","twitter_description":"Check out the MS 102 Microsoft 365 Administrator course and learn how to configure and manage Microsoft 365 services.","twitter_misc":{"Est. reading time":"5 minutes"},"schema":{"@context":"https:\/\/schema.org","@graph":[{"@type":"WebPage","@id":"https:\/\/netmind.net\/en\/formacion\/microsoft\/microsoft-365-administrator-2\/","url":"https:\/\/netmind.net\/en\/formacion\/microsoft\/microsoft-365-administrator-2\/","name":"Microsoft 365 Administrator- Netmind","isPartOf":{"@id":"https:\/\/netmind.net\/en\/#website"},"primaryImageOfPage":{"@id":"https:\/\/netmind.net\/en\/formacion\/microsoft\/microsoft-365-administrator-2\/#primaryimage"},"image":{"@id":"https:\/\/netmind.net\/en\/formacion\/microsoft\/microsoft-365-administrator-2\/#primaryimage"},"thumbnailUrl":"https:\/\/netmind.net\/wp-content\/uploads\/2026\/04\/ChatGPT-Image-20-abr-2026-10_07_21-e1776672662658.png","datePublished":"2024-03-12T15:00:48+00:00","dateModified":"2026-04-20T08:19:45+00:00","description":"Check out the MS 102 Microsoft 365 Administrator course and learn how to configure and manage Microsoft 365 services.","breadcrumb":{"@id":"https:\/\/netmind.net\/en\/formacion\/microsoft\/microsoft-365-administrator-2\/#breadcrumb"},"inLanguage":"en-US","potentialAction":[{"@type":"ReadAction","target":["https:\/\/netmind.net\/en\/formacion\/microsoft\/microsoft-365-administrator-2\/"]}]},{"@type":"ImageObject","inLanguage":"en-US","@id":"https:\/\/netmind.net\/en\/formacion\/microsoft\/microsoft-365-administrator-2\/#primaryimage","url":"https:\/\/netmind.net\/wp-content\/uploads\/2026\/04\/ChatGPT-Image-20-abr-2026-10_07_21-e1776672662658.png","contentUrl":"https:\/\/netmind.net\/wp-content\/uploads\/2026\/04\/ChatGPT-Image-20-abr-2026-10_07_21-e1776672662658.png","width":1344,"height":1024},{"@type":"BreadcrumbList","@id":"https:\/\/netmind.net\/en\/formacion\/microsoft\/microsoft-365-administrator-2\/#breadcrumb","itemListElement":[{"@type":"ListItem","position":1,"name":"Home","item":"https:\/\/netmind.net\/en\/"},{"@type":"ListItem","position":2,"name":"Formaciones","item":"https:\/\/netmind.net\/en\/shop\/"},{"@type":"ListItem","position":3,"name":"Microsoft","item":"https:\/\/netmind.net\/en\/area\/microsoft\/"},{"@type":"ListItem","position":4,"name":"Microsoft 365 Administrator"}]},{"@type":"WebSite","@id":"https:\/\/netmind.net\/en\/#website","url":"https:\/\/netmind.net\/en\/","name":"Netmind","description":"Digital Business Transformation | Agile Transformation | Business Analysis","publisher":{"@id":"https:\/\/netmind.net\/en\/#organization"},"potentialAction":[{"@type":"SearchAction","target":{"@type":"EntryPoint","urlTemplate":"https:\/\/netmind.net\/en\/?s={search_term_string}"},"query-input":{"@type":"PropertyValueSpecification","valueRequired":true,"valueName":"search_term_string"}}],"inLanguage":"en-US"},{"@type":"Organization","@id":"https:\/\/netmind.net\/en\/#organization","name":"Netmind","url":"https:\/\/netmind.net\/en\/","logo":{"@type":"ImageObject","inLanguage":"en-US","@id":"https:\/\/netmind.net\/en\/#\/schema\/logo\/image\/","url":"https:\/\/netmind.net\/wp-content\/uploads\/2020\/08\/NM-BTS-Logo-2021_Blue-1.svg","contentUrl":"https:\/\/netmind.net\/wp-content\/uploads\/2020\/08\/NM-BTS-Logo-2021_Blue-1.svg","width":360.64,"height":82,"caption":"Netmind"},"image":{"@id":"https:\/\/netmind.net\/en\/#\/schema\/logo\/image\/"}}]}},"_links":{"self":[{"href":"https:\/\/netmind.net\/en\/wp-json\/wp\/v2\/product\/22132432","targetHints":{"allow":["GET"]}}],"collection":[{"href":"https:\/\/netmind.net\/en\/wp-json\/wp\/v2\/product"}],"about":[{"href":"https:\/\/netmind.net\/en\/wp-json\/wp\/v2\/types\/product"}],"replies":[{"embeddable":true,"href":"https:\/\/netmind.net\/en\/wp-json\/wp\/v2\/comments?post=22132432"}],"version-history":[{"count":2,"href":"https:\/\/netmind.net\/en\/wp-json\/wp\/v2\/product\/22132432\/revisions"}],"predecessor-version":[{"id":22133323,"href":"https:\/\/netmind.net\/en\/wp-json\/wp\/v2\/product\/22132432\/revisions\/22133323"}],"wp:featuredmedia":[{"embeddable":true,"href":"https:\/\/netmind.net\/en\/wp-json\/wp\/v2\/media\/22133586"}],"wp:attachment":[{"href":"https:\/\/netmind.net\/en\/wp-json\/wp\/v2\/media?parent=22132432"}],"wp:term":[{"taxonomy":"product_brand","embeddable":true,"href":"https:\/\/netmind.net\/en\/wp-json\/wp\/v2\/product_brand?post=22132432"},{"taxonomy":"product_cat","embeddable":true,"href":"https:\/\/netmind.net\/en\/wp-json\/wp\/v2\/product_cat?post=22132432"},{"taxonomy":"product_tag","embeddable":true,"href":"https:\/\/netmind.net\/en\/wp-json\/wp\/v2\/product_tag?post=22132432"},{"taxonomy":"best_practice","embeddable":true,"href":"https:\/\/netmind.net\/en\/wp-json\/wp\/v2\/best_practice?post=22132432"}],"curies":[{"name":"wp","href":"https:\/\/api.w.org\/{rel}","templated":true}]}}